{"id":2208,"date":"2023-09-03T17:57:29","date_gmt":"2023-09-03T20:57:29","guid":{"rendered":"https:\/\/elitebrazilianjiujitsu.com\/inscripciones\/?page_id=2208"},"modified":"2023-09-03T18:07:55","modified_gmt":"2023-09-03T21:07:55","slug":"politica-de-confidencialidad","status":"publish","type":"page","link":"https:\/\/elitebrazilianjiujitsu.com\/inscripciones\/politica-de-confidencialidad\/","title":{"rendered":"POL\u00cdTICA DE CONFIDENCIALIDAD"},"content":{"rendered":"\t\t<div data-elementor-type=\"wp-page\" data-elementor-id=\"2208\" class=\"elementor elementor-2208\" data-elementor-post-type=\"page\">\n\t\t\t\t<div class=\"elementor-element elementor-element-f24c2de e-flex e-con-boxed e-con e-parent\" data-id=\"f24c2de\" data-element_type=\"container\" data-e-type=\"container\" data-settings=\"{&quot;background_background&quot;:&quot;classic&quot;}\">\n\t\t\t\t\t<div class=\"e-con-inner\">\n\t\t\t\t<div class=\"elementor-element elementor-element-3167239 elementor-widget elementor-widget-heading\" data-id=\"3167239\" data-element_type=\"widget\" data-e-type=\"widget\" data-widget_type=\"heading.default\">\n\t\t\t\t<div class=\"elementor-widget-container\">\n\t\t\t\t\t<h2 class=\"elementor-heading-title elementor-size-default\">POL\u00cdTICA DE CONFIDENCIALIDAD Y PROTECCI\u00d3N DE DATOS PERSONALES\n\n<\/h2>\t\t\t\t<\/div>\n\t\t\t\t<\/div>\n\t\t\t\t\t<\/div>\n\t\t\t\t<\/div>\n\t\t<div class=\"elementor-element elementor-element-a0d4aae e-flex e-con-boxed e-con e-parent\" data-id=\"a0d4aae\" data-element_type=\"container\" data-e-type=\"container\" data-settings=\"{&quot;background_background&quot;:&quot;classic&quot;}\">\n\t\t\t\t\t<div class=\"e-con-inner\">\n\t\t\t\t<div class=\"elementor-element elementor-element-c549ec3 elementor-widget elementor-widget-text-editor\" data-id=\"c549ec3\" data-element_type=\"widget\" data-e-type=\"widget\" data-widget_type=\"text-editor.default\">\n\t\t\t\t<div class=\"elementor-widget-container\">\n\t\t\t\t\t\t\t\t\t<p><strong>RESPONSABLE<\/strong> <strong>Elite Brazilian Jiu-Jitsu<\/strong>, en adelante \u00abElite BJJ\u00bb, p\u00e1gina web\u00a0 www.elitebrazilianjiujitsu.com, es el responsable del tratamiento de sus datos personales. Puede contactarnos por correo postal en la direcci\u00f3n C. de Mineta, 7, Torrent, Valencia o por correo electr\u00f3nico en info@elitebrazilianjiujitsu.com .<\/p><p><strong>FINALIDAD DEL TRATAMIENTO<\/strong> Elite BJJ tratar\u00e1 sus datos personales con los siguientes fines:<\/p><ul><li><p>Gestionar su inscripci\u00f3n como usuario de Elite BJJ y proporcionar nuestros servicios.<\/p><\/li><li><p>Administrar las candidaturas recibidas de aquellos interesados en el proceso de selecci\u00f3n de personal.<\/p><\/li><li><p>Enviar nuestro bolet\u00edn informativo a los usuarios que se hayan suscrito.<\/p><\/li><li><p>Responder a las consultas recibidas a trav\u00e9s del formulario de contacto en el sitio web.<\/p><\/li><\/ul><p>Los datos de los interesados se conservar\u00e1n mientras se mantenga la finalidad y la base legal para su tratamiento, a menos que la legislaci\u00f3n exija un per\u00edodo de retenci\u00f3n m\u00e1s largo.<\/p><p><strong>BASE LEGAL<\/strong> La base legal que legitima a Elite BJJ para el tratamiento de sus datos personales, en correspondencia con las finalidades mencionadas, se establece de la siguiente manera:<\/p><ul><li><p>El tratamiento de datos personales del usuario es necesario para la ejecuci\u00f3n de un contrato en el que el usuario es parte (art\u00edculo 6.1.b del Reglamento General de Protecci\u00f3n de Datos).<\/p><\/li><li><p>El consentimiento del candidato se considera otorgado al completar y enviar los formularios habilitados en el sitio web (art\u00edculo 6.1.a del RGPD).<\/p><\/li><li><p>El consentimiento del usuario se considera otorgado al completar y enviar el formulario correspondiente en el sitio web (art\u00edculo 6.1.a del RGPD).<\/p><\/li><li><p>El inter\u00e9s leg\u00edtimo de Elite BJJ en atender las consultas realizadas por los usuarios (art\u00edculo 6.1.f del RGPD).<\/p><\/li><\/ul><p><strong>DESTINATARIOS<\/strong> Los datos personales de los usuarios no ser\u00e1n compartidos con terceros, excepto en los siguientes casos:<\/p><ul><li><p>Para el funcionamiento adecuado de la aplicaci\u00f3n m\u00f3vil de Elite BJJ y la prestaci\u00f3n de nuestros servicios, los datos personales introducidos pueden ser compartidos con ciertos proveedores de servicios de software incorporados en la aplicaci\u00f3n.<\/p><\/li><li><p>En los casos en que el candidato haya otorgado su consentimiento, Elite BJJ puede compartir los datos proporcionados en su candidatura con sus franquiciados.<\/p><\/li><\/ul><p>No se realizar\u00e1n transferencias internacionales de datos a terceros ubicados fuera del Espacio Econ\u00f3mico Europeo.<\/p><p><strong>DERECHOS<\/strong> Todos los interesados tienen derecho a solicitar acceso, rectificaci\u00f3n, supresi\u00f3n, portabilidad y, cuando corresponda, oponerse al tratamiento de sus datos personales. Tambi\u00e9n tienen derecho a revocar su consentimiento en cualquier momento.<\/p><p>Adem\u00e1s, los interesados pueden ponerse en contacto con Elite BJJ para realizar consultas relacionadas con el tratamiento de sus datos y, si lo consideran necesario, presentar una queja ante la autoridad de protecci\u00f3n de datos correspondiente.<\/p><p><strong>CONCLUSIONES<\/strong> Esta pol\u00edtica de confidencialidad y protecci\u00f3n de datos personales establece las bases para el tratamiento adecuado y seguro de los datos personales por parte de Elite Brazilian Jiu-Jitsu.<\/p><hr \/>\t\t\t\t\t\t\t\t<\/div>\n\t\t\t\t<\/div>\n\t\t\t\t\t<\/div>\n\t\t\t\t<\/div>\n\t\t\t\t<\/div>\n\t\t","protected":false},"excerpt":{"rendered":"<p>POL\u00cdTICA DE CONFIDENCIALIDAD Y PROTECCI\u00d3N DE DATOS PERSONALES RESPONSABLE Elite Brazilian Jiu-Jitsu, en adelante \u00abElite BJJ\u00bb, p\u00e1gina web\u00a0 www.elitebrazilianjiujitsu.com, es el responsable del tratamiento de sus datos personales. Puede contactarnos por correo postal en la direcci\u00f3n C. de Mineta, 7, Torrent, Valencia o por correo electr\u00f3nico en info@elitebrazilianjiujitsu.com . FINALIDAD DEL TRATAMIENTO Elite BJJ tratar\u00e1 [&hellip;]<\/p>\n","protected":false},"author":1,"featured_media":0,"parent":0,"menu_order":0,"comment_status":"closed","ping_status":"closed","template":"","meta":{"inline_featured_image":false,"_uag_custom_page_level_css":"","site-sidebar-layout":"no-sidebar","site-content-layout":"page-builder","ast-site-content-layout":"full-width-container","site-content-style":"default","site-sidebar-style":"default","ast-global-header-display":"","ast-banner-title-visibility":"","ast-main-header-display":"","ast-hfb-above-header-display":"","ast-hfb-below-header-display":"","ast-hfb-mobile-header-display":"","site-post-title":"disabled","ast-breadcrumbs-content":"","ast-featured-img":"disabled","footer-sml-layout":"","ast-disable-related-posts":"","theme-transparent-header-meta":"","adv-header-id-meta":"","stick-header-meta":"","header-above-stick-meta":"","header-main-stick-meta":"","header-below-stick-meta":"","astra-migrate-meta-layouts":"set","ast-page-background-enabled":"default","ast-page-background-meta":{"desktop":{"background-color":"","background-image":"","background-repeat":"repeat","background-position":"center center","background-size":"auto","background-attachment":"scroll","background-type":"","background-media":"","overlay-type":"","overlay-color":"","overlay-opacity":"","overlay-gradient":""},"tablet":{"background-color":"","background-image":"","background-repeat":"repeat","background-position":"center center","background-size":"auto","background-attachment":"scroll","background-type":"","background-media":"","overlay-type":"","overlay-color":"","overlay-opacity":"","overlay-gradient":""},"mobile":{"background-color":"","background-image":"","background-repeat":"repeat","background-position":"center center","background-size":"auto","background-attachment":"scroll","background-type":"","background-media":"","overlay-type":"","overlay-color":"","overlay-opacity":"","overlay-gradient":""}},"ast-content-background-meta":{"desktop":{"background-color":"var(--ast-global-color-5)","background-image":"","background-repeat":"repeat","background-position":"center center","background-size":"auto","background-attachment":"scroll","background-type":"","background-media":"","overlay-type":"","overlay-color":"","overlay-opacity":"","overlay-gradient":""},"tablet":{"background-color":"var(--ast-global-color-5)","background-image":"","background-repeat":"repeat","background-position":"center center","background-size":"auto","background-attachment":"scroll","background-type":"","background-media":"","overlay-type":"","overlay-color":"","overlay-opacity":"","overlay-gradient":""},"mobile":{"background-color":"var(--ast-global-color-5)","background-image":"","background-repeat":"repeat","background-position":"center center","background-size":"auto","background-attachment":"scroll","background-type":"","background-media":"","overlay-type":"","overlay-color":"","overlay-opacity":"","overlay-gradient":""}},"footnotes":""},"class_list":["post-2208","page","type-page","status-publish","hentry"],"uagb_featured_image_src":{"full":false,"thumbnail":false,"medium":false,"medium_large":false,"large":false,"1536x1536":false,"2048x2048":false},"uagb_author_info":{"display_name":"lucaspimentel.studio","author_link":"https:\/\/elitebrazilianjiujitsu.com\/inscripciones\/author\/lucaspimentel-studio\/"},"uagb_comment_info":0,"uagb_excerpt":"POL\u00cdTICA DE CONFIDENCIALIDAD Y PROTECCI\u00d3N DE DATOS PERSONALES RESPONSABLE Elite Brazilian Jiu-Jitsu, en adelante \u00abElite BJJ\u00bb, p\u00e1gina web\u00a0 www.elitebrazilianjiujitsu.com, es el responsable del tratamiento de sus datos personales. Puede contactarnos por correo postal en la direcci\u00f3n C. de Mineta, 7, Torrent, Valencia o por correo electr\u00f3nico en info@elitebrazilianjiujitsu.com . FINALIDAD DEL TRATAMIENTO Elite BJJ tratar\u00e1&hellip;","_links":{"self":[{"href":"https:\/\/elitebrazilianjiujitsu.com\/inscripciones\/wp-json\/wp\/v2\/pages\/2208","targetHints":{"allow":["GET"]}}],"collection":[{"href":"https:\/\/elitebrazilianjiujitsu.com\/inscripciones\/wp-json\/wp\/v2\/pages"}],"about":[{"href":"https:\/\/elitebrazilianjiujitsu.com\/inscripciones\/wp-json\/wp\/v2\/types\/page"}],"author":[{"embeddable":true,"href":"https:\/\/elitebrazilianjiujitsu.com\/inscripciones\/wp-json\/wp\/v2\/users\/1"}],"replies":[{"embeddable":true,"href":"https:\/\/elitebrazilianjiujitsu.com\/inscripciones\/wp-json\/wp\/v2\/comments?post=2208"}],"version-history":[{"count":4,"href":"https:\/\/elitebrazilianjiujitsu.com\/inscripciones\/wp-json\/wp\/v2\/pages\/2208\/revisions"}],"predecessor-version":[{"id":2213,"href":"https:\/\/elitebrazilianjiujitsu.com\/inscripciones\/wp-json\/wp\/v2\/pages\/2208\/revisions\/2213"}],"wp:attachment":[{"href":"https:\/\/elitebrazilianjiujitsu.com\/inscripciones\/wp-json\/wp\/v2\/media?parent=2208"}],"curies":[{"name":"wp","href":"https:\/\/api.w.org\/{rel}","templated":true}]}}